{"id":432,"date":"2021-02-22T13:16:10","date_gmt":"2021-02-22T13:16:10","guid":{"rendered":"https:\/\/archischool.de\/?page_id=432"},"modified":"2025-04-29T17:47:20","modified_gmt":"2025-04-29T17:47:20","slug":"planung","status":"publish","type":"page","link":"https:\/\/archischool.de\/mn\/planung","title":{"rendered":"\u0422\u04e8\u041b\u04e8\u0412\u041b\u04e8\u041b\u0422"},"content":{"rendered":"<div class=\"brz-root__container brz-reset-all\">\n<section data-uid=\"cupcuuhwkazfkswgslidfgnwmcjmhdmfbwku\" id=\"cupcuuhwkazfkswgslidfgnwmcjmhdmfbwku\" class=\"brz-section brz-css-sufxu\">\n<div class=\"brz-section__content brz-section--boxed brz-css-ztdmg brz-css-hhyxa\" data-custom-id=\"aijckgafasdwzrwitmvmpkdnqopjbheivkec\">\n<div class=\"brz-bg overflow-hidden absolute top-0 left-0 w-full h-full\">\n<div class=\"brz-bg-image absolute top-0 left-0 w-full h-full bg-no-repeat bg-cover\"><\/div>\n<\/div>\n<div class=\"brz-container brz-css-wytnj\">\n<div data-iteration-count=\"1\" class=\"brz-css-xwqyx brz-wrapper brz-animated brz-css-qxhgo brz-css-uvupv\">\n<div class=\"brz-rich-text brz-rich-text__custom brz-css-avkqn\" data-custom-id=\"byzycxrdgfmpiqjdwwcpigknfpqsnefotuzt\">\n<div>\n<p class=\"brz-css-milgq\"><span class=\"brz-cp-color8 brz-scp-color1\">archiSCHOOL <\/span><\/p>\n<\/div>\n<\/div>\n<\/div>\n<\/div>\n<\/div>\n<\/section>\n<section data-uid=\"knquxmwfkdyoexuqggchetgysznvolzjdxii\" id=\"knquxmwfkdyoexuqggchetgysznvolzjdxii\" class=\"brz-section brz-css-sufxu\">\n<div class=\"brz-section__content brz-section--boxed brz-css-ztdmg brz-css-dzkha\" data-custom-id=\"bzvvdmoywrxctaxhofcaztzcaqrpbmhiobra\">\n<div class=\"brz-bg overflow-hidden absolute top-0 left-0 w-full h-full\">\n<div class=\"brz-bg-color absolute top-0 left-0 w-full h-full\"><\/div>\n<\/div>\n<div class=\"brz-container brz-css-wytnj\">\n<div class=\"brz-css-xwqyx brz-css-zeeym brz-wrapper\">\n<div class=\"brz-rich-text brz-rich-text__custom brz-css-avkqn\" data-custom-id=\"elvamalcntialtbxzwckevvfjwnqnortsqvi\">\n<div>\n<p class=\"brz-css-cvfzj\"><span class=\"brz-cp-color8\">\u041c\u043e\u043d\u0433\u043e\u043b \u0423\u043b\u0441\u0430\u0434 \u0431\u0430\u0442 \u0431\u04e9\u0445, \u0441\u0430\u0439\u043d  \u0447\u0430\u043d\u0430\u0440\u0442\u0430\u0439 \u0441\u0443\u0440\u0433\u0443\u0443\u043b\u0438\u0439\u043d \u0431\u0430\u0440\u0438\u043b\u0433\u044b\u0433 \u0442\u04e9\u043b\u04e9\u0432\u043b\u04e9\u0445 \u0434\u0438\u0437\u0430\u0439\u043d\u044b \u0431\u04af\u0442\u044d\u044d\u043b\u0447 \u0442\u04e9\u0441\u04e9\u043b \u043d\u044c \u041d\u0435\u043b\u0441\u043e\u043d \u041c\u0430\u043d\u0434\u0435\u043b\u0430\u0433\u0438\u0439\u043d \u043d\u044d\u0440\u044d\u043c\u0436\u0438\u0442 \u0441\u0443\u0440\u0433\u0443\u0443\u043b\u0438\u0439\u043d \u0434\u044d\u0440\u0433\u044d\u0434\u044d\u0445 \u0434\u04af\u0440\u0441\u043b\u044d\u0445 \u0443\u0440\u043b\u0430\u0433\u0438\u0439\u043d \u0430\u0445\u0438\u0441\u0430\u043d \u0448\u0430\u0442\u043d\u044b \u043a\u0443\u0440\u0441\u0438\u0439\u043d \u0441\u0443\u0440\u0430\u0433\u0447\u0438\u0434, \u0423\u043b\u0430\u0430\u043d\u0431\u0430\u0430\u0442\u0430\u0440 \u0434\u0430\u0445\u044c \u0422\u043e\u043b\u044c\u0442 \u0415\u0411\u0421\u0443\u0440\u0433\u0443\u0443\u043b\u0438\u0439\u043d \u0430\u0445\u043b\u0430\u0445 \u0430\u043d\u0433\u0438\u0439\u043d \u0441\u0443\u0440\u0430\u0433\u0447\u0438\u0434 \u0431\u043e\u043b\u043e\u043d \u0411\u0435\u0440\u043b\u0438\u043d\u0438\u0439 \u0430\u0440\u0445\u0438\u0442\u0435\u043a\u0442\u043e\u0440\u0443\u0443\u0434 (\u0411\u0435\u0440\u043b\u0438\u043d\u0438\u0439 \u0410\u0440\u0445\u0438\u0442\u0435\u043a\u0442\u043e\u0440\u0443\u0443\u0434\u044b\u043d \u0442\u0430\u043d\u0445\u0438\u043c) -\u044b\u043d \u0445\u0430\u043c\u0442\u044b\u043d \u0430\u0436\u0438\u043b\u043b\u0430\u0433\u0430\u0430\u0433\u0430\u0430\u0440 \u0445\u044d\u0440\u044d\u0433\u0436\u0438\u0432.<\/span><\/p>\n<p class=\"brz-css-rcduw\"><\/p>\n<p class=\"brz-css-kjrgw\"><span class=\"brz-cp-color8\"> 2019 \u043e\u043d\u044b \u043d\u0430\u043c\u0430\u0440 \u041c\u043e\u043d\u0433\u043e\u043b\u0434 \u0445\u0438\u0439\u0441\u044d\u043d \u0430\u0439\u043b\u0447\u043b\u0430\u043b\u044b\u043d \u04af\u0435\u044d\u0440 \u0423\u043b\u0430\u0430\u043d\u0431\u0430\u0430\u0442\u0430\u0440 \u0445\u043e\u0442\u044b\u043d \u0435\u0440\u04e9\u043d\u0445\u0438\u0439 \u0431\u043e\u043b\u043e\u0432\u0441\u0440\u043e\u043b\u044b\u043d \u0441\u0443\u0440\u0433\u0443\u0443\u043b\u0438\u0443\u0434\u044b\u043d \u0443\u0440\u043b\u0430\u0433\u0438\u0439\u043d \u0442\u0430\u043d\u0445\u0438\u043c\u0443\u0443\u0434\u0430\u0430\u0440 \u0437\u043e\u0447\u043b\u043e\u0445 \u04af\u0435\u0434\u044d\u044d \u044d\u043d\u044d\u0445\u04af\u04af \u0438\u043d\u0442\u0435\u0440\u0430\u043a\u0442\u0438\u0432, \u0441\u043e\u0451\u043b \u0445\u043e\u043e\u0440\u043e\u043d\u0434\u044b\u043d, \u0446\u043e\u0433\u0446 \u0430\u0440\u0445\u0438\u0442\u0435\u043a\u0442\u0443\u0440\u044b\u043d \u0442\u04e9\u0441\u043b\u0438\u0439\u043d \u0441\u0430\u043d\u0430\u0430 \u0442\u04e9\u0440\u0441\u04e9\u043d \u044e\u043c. \u0417\u043e\u0447\u0438\u043b\u0441\u043e\u043d \u0441\u0443\u0440\u0433\u0443\u0443\u043b\u0438\u0443\u0434\u044b\u043d \u043d\u044d\u0433 \u0431\u043e\u043b\u043e\u0445 \u0422\u043e\u043b\u044c\u0442 \u0441\u0443\u0440\u0433\u0443\u0443\u043b\u044c \u043d\u044c \u0434\u0443\u043d\u0434 \u0441\u0443\u0440\u0433\u0443\u0443\u043b\u0438\u0439\u043d \u0434\u043e\u0442\u0443\u0443\u0440 \u0431\u0430\u0439\u0440\u0442\u0430\u0439 \u0441\u0443\u0440\u0433\u0443\u0443\u043b\u0438\u0439\u043d \u043d\u044d\u043c\u044d\u043b\u0442 \u0445\u043e\u0442\u0445\u043e\u043d \u0431\u0430\u0440\u0438\u043b\u0433\u0430 \u0431\u0430\u0440\u0438\u0445 \u0437\u043e\u0440\u0438\u043b\u0433\u043e\u043e\u0440 \u0423\u043b\u0430\u0430\u043d\u0431\u0430\u0430\u0442\u0430\u0440 \u0445\u043e\u0442\u044b\u043d \u0437\u0430\u0445\u0430\u0434 \u0433\u0430\u0437\u0430\u0440 \u0445\u0443\u0434\u0430\u043b\u0434\u0430\u0436 \u0430\u0432\u0441\u0430\u043d \u0431\u0430\u0439\u0432.<\/span><\/p>\n<p class=\"brz-css-cgmxh\"><\/p>\n<p class=\"brz-css-koujx\"><span class=\"brz-cp-color8\"> \u042d\u043d\u044d \u043d\u044c \u043c\u0430\u043d\u0430\u0439 \u0441\u0443\u0440\u0433\u0443\u0443\u043b\u0438\u0439\u043d \u0445\u0438\u0447\u044d\u044d\u043b\u0438\u0439\u043d \u0445\u043e\u0451\u0440\u0434\u0443\u0433\u0430\u0430\u0440 \u0443\u043b\u0438\u0440\u0430\u043b\u0434 \u0430\u0445\u043b\u0430\u0445 \u0430\u043d\u0433\u0438\u0439\u043d \u0441\u0443\u0440\u0430\u0433\u0447\u0434\u0430\u0434 (\u0430\u0440\u0445\u0438\u0442\u0435\u043a\u0442\u0443\u0440, \u0434\u0438\u0437\u0430\u0439\u043d\u0442\u0430\u0439 \u0445\u043e\u043b\u0431\u043e\u043e\u0442\u043e\u0439) \u0423\u043b\u0430\u0430\u043d\u0431\u0430\u0430\u0442\u0430\u0440 \u0445\u043e\u0442\u044b\u043d \u0437\u0430\u0445\u0430\u0434 \u0442\u0443\u0441 \u0441\u0443\u0440\u0433\u0443\u0443\u043b\u0438\u0439\u043d \u0448\u0438\u043d\u044d \u0445\u043e\u0442\u0445\u043e\u043d\u044b \u0431\u0430\u0440\u0438\u043b\u0433\u044b\u043d \u0430\u0440\u0445\u0438\u0442\u0435\u043a\u0442\u0443\u0440\u044b\u043d \u0441\u0430\u043d\u0430\u0430\u0433 \u0431\u043e\u043b\u043e\u0432\u0441\u0440\u0443\u0443\u043b\u0436, \u0437\u0430\u0433\u0432\u0430\u0440\u0447\u043b\u0430\u0445 \u0445\u0430\u043c\u0433\u0438\u0439\u043d \u0442\u043e\u0445\u0438\u0440\u043e\u043c\u0436\u0442\u043e\u0439 \u0430\u0436\u0438\u043b \u0431\u043e\u043b\u0436 \u0445\u0443\u0432\u0438\u0440\u0441\u0430\u043d \u0431\u0438\u043b\u044d\u044d. \u0413\u0430\u0434\u0430\u0430\u0434\u044b\u043d, \u0442\u044d\u0440 \u0442\u0443\u0441\u043c\u0430\u0430 \u0442\u04e9\u0434\u0438\u0439\u043b\u04e9\u043d \u0441\u0430\u0439\u043d \u043c\u044d\u0434\u044d\u0445\u0433\u04af\u0439 \u043e\u0440\u043d\u044b\u0445\u043e\u043e \u0441\u0443\u0440\u0433\u0443\u0443\u043b\u0438\u0439\u043d \u0431\u0430\u0440\u0438\u043b\u0433\u044b\u0433 \u0442\u04e9\u043b\u04e9\u0432\u043b\u04e9\u0445\u04e9\u0434 \u0430\u0436\u0438\u043b\u043b\u0430\u0433\u0430\u0430 \u0438\u0445\u0442\u044d\u0439, \u043c\u044d\u0440\u0433\u044d\u0436\u043b\u0438\u0439\u043d \u043c\u044d\u0434\u043b\u044d\u0433, \u0437\u04e9\u0432\u043b\u04e9\u0433\u04e9\u04e9 \u0437\u0430\u0439\u043b\u0448\u0433\u04af\u0439 \u0448\u0430\u0430\u0440\u0434\u043b\u0430\u0433\u0430\u0442\u0430\u0439 \u0443\u0447\u0438\u0440 \u043c\u044d\u0440\u0433\u044d\u0436\u043b\u0438\u0439\u043d \u0430\u0440\u0445\u0438\u0442\u0435\u043a\u0442\u043e\u0440\u0443\u0443\u0434\u044b\u0433 \u0442\u04e9\u0441\u04e9\u043b\u0434 \u0445\u0430\u043c\u0440\u0443\u0443\u043b\u0430\u0445 \u043d\u044c \u0447\u0443\u0445\u0430\u043b \u0431\u0430\u0439\u0432. \u0422\u0438\u0439\u043c\u044d\u044d\u0441 \u0411\u0435\u0440\u043b\u0438\u043d\u0438\u0439 \u0430\u0440\u0445\u0438\u0442\u0435\u043a\u0442\u043e\u0440\u0443\u0443\u0434\u044b\u043d \u0442\u0430\u043d\u0445\u0438\u043c\u044b\u043d \u0442\u0430\u043d\u0434\u0435\u043c \u0442\u04e9\u0441\u043b\u04e9\u04e9\u0440 \u0430\u0440\u0445\u0438\u0442\u0435\u043a\u0442\u043e\u0440 \u0424\u0440\u0430\u043d \u0413\u043e\u043d\u0437\u0430\u043b\u0435\u0441, \u041c\u0430\u043a\u0441 \u041a\u0430\u043c\u0438\u043d\u0441\u043a\u0438 \u043d\u0430\u0440\u0442\u0430\u0439 \u0445\u043e\u043b\u0431\u043e\u043e \u0442\u043e\u0433\u0442\u043e\u043e\u0436, \u0442\u04e9\u0441\u04e9\u043b\u0434 \u0445\u0430\u043c\u0440\u0430\u0433\u0434\u0430\u0445, \u0441\u0443\u0440\u0430\u0433\u0447\u0434\u044b\u043d\u0445\u0430\u0430 \u0430\u0440\u0445\u0438\u0442\u0435\u043a\u0442\u0443\u0440\u044b\u043d \u0441\u0430\u043d\u0430\u0430 \u0431\u043e\u0434\u043b\u044b\u0433 \u0445\u04e9\u0433\u0436\u04af\u04af\u043b\u044d\u0445\u044d\u0434 \u0442\u0443\u0441\u043b\u0430\u043b\u0446\u0430\u0430 \u0430\u0432\u0430\u0445 \u0445\u044d\u0440\u044d\u0433\u0442\u044d\u0439 \u043c\u04e9\u043d \u0445\u0430\u043c\u0442\u0440\u0430\u043d \u0430\u0436\u0438\u043b\u043b\u0430\u0445 \u0445\u04af\u0441\u044d\u043b\u0442\u044d\u0439 \u0431\u0430\u0439\u0433\u0430\u0430\u0433\u0430\u0430 \u0438\u043b\u044d\u0440\u0445\u0438\u0439\u043b\u044d\u0432. \u041d\u0435\u043b\u0441\u043e\u043d \u041c\u0430\u043d\u0434\u0435\u043b\u0430\u0433\u0438\u0439\u043d \u043d\u044d\u0440\u044d\u043c\u0436\u0438\u0442 \u0441\u0443\u0440\u0433\u0443\u0443\u043b\u044c \u0442\u04e9\u0441\u043b\u0438\u0439\u043d \u0434\u044d\u043b\u0433\u044d\u0440\u044d\u043d\u0433\u04af\u0439 \u0442\u0430\u043d\u0438\u043b\u0446\u0443\u0443\u043b\u0433\u044b\u0433 \u0430\u0440\u0445\u0438\u0442\u0435\u043a\u0442\u043e\u0440\u0443\u0443\u0434\u044b\u043d \u0442\u0430\u043d\u0445\u0438\u043c\u044b\u043d \u0442\u04e9\u0441\u043b\u0438\u0439\u043d \u0441\u0430\u043d\u0434 \u0441\u0430\u043d\u0445\u04af\u04af\u0433\u0438\u0439\u043d \u0434\u044d\u043c\u0436\u043b\u044d\u0433 \u0445\u04af\u0441\u0441\u044d\u043d \u04e9\u0440\u0433\u04e9\u0434\u043b\u0438\u0439\u043d \u0445\u0430\u043c\u0442 \u0445\u04af\u0440\u0433\u04af\u04af\u043b\u0441\u044d\u043d \u043d\u044c \u0430\u0437 \u0431\u043e\u043b\u0436 \u0434\u044d\u043c\u0436\u0438\u0433\u0434\u0441\u044d\u043d \u044e\u043c. \u041c\u043e\u043d\u0433\u043e\u043b \u0423\u043b\u0441\u044b\u043d \u0421\u043e\u0451\u043b\u044b\u043d \u042d\u043b\u0447 \u041e.\u041e\u044e\u0443\u043d\u0442\u0443\u044f\u0430 \u043d\u044c \u041c\u043e\u043d\u0433\u043e\u043b\u044b\u043d \u042d\u043b\u0447\u0438\u043d \u0421\u0430\u0439\u0434\u044b\u043d \u042f\u0430\u043c, \u0422\u043e\u043b\u044c\u0442 \u0441\u0443\u0440\u0433\u0443\u0443\u043b\u044c\u0442\u0430\u0439 \u0445\u043e\u043b\u0431\u043e\u0433\u0434\u043e\u0445 \u0431\u043e\u043b\u043e\u043c\u0436\u0438\u0439\u0433 \u0431\u0438\u0434\u044d\u043d\u0434 \u0431\u04af\u0440\u0434\u04af\u04af\u043b\u0436, \u041c\u043e\u043d\u0433\u043e\u043b \u0423\u043b\u0441\u044b\u043d \u0433\u0430\u0437\u0430\u0440\u0437\u04af\u0439, \u0442\u04af\u04af\u0445, \u0441\u043e\u0451\u043b\u044b\u043d \u0442\u0430\u043b\u0430\u0430\u0440\u0445 \u0431\u0438\u0434\u043d\u0438\u0439 \u043e\u043b\u043e\u043d \u0430\u0441\u0443\u0443\u043b\u0442\u0430\u0434 \u0445\u0430\u0440\u0438\u0443\u043b\u0442 \u04e9\u0433\u0441\u04e9\u043d \u044e\u043c.<\/span><\/p>\n<\/div>\n<\/div>\n<\/div>\n<\/div>\n<\/div>\n<\/section>\n<section data-uid=\"pzhpftziznmmheedmeaqwznyruqggypsrgbk\" id=\"pzhpftziznmmheedmeaqwznyruqggypsrgbk\" class=\"brz-section brz-css-sufxu\">\n<div class=\"brz-section__content brz-section--boxed brz-css-ztdmg brz-css-wwieu\" data-custom-id=\"mbqhcaardfkdukbincchgfkukiehfqibpwjk\">\n<div class=\"brz-bg overflow-hidden absolute top-0 left-0 w-full h-full\">\n<div class=\"brz-bg-color absolute top-0 left-0 w-full h-full\"><\/div>\n<\/div>\n<div class=\"brz-container brz-css-wytnj\">\n<div class=\"brz-css-xwqyx brz-css-isfck brz-css-lbzfr brz-wrapper\">\n<div class=\"brz-spacer brz-css-fdxgl brz-css-xayvj\"><\/div>\n<\/div>\n<div class=\"brz-row__container brz-css-dxbgu\" data-custom-id=\"opemjeinybcpowgnpajcpaimhccriculsoxv\">\n<div class=\"brz-bg overflow-hidden absolute top-0 left-0 w-full h-full\"><\/div>\n<div class=\"brz-row brz-css-bygdd brz-css-tujkv\">\n<div class=\"brz-columns brz-css-pzxcl brz-css-rwthm\" data-custom-id=\"pkioexnjxebpodnnbaqufdomifwvuqvitzaa\">\n<div class=\"brz-column__items brz-css-syuhb brz-css-ebocp\">\n<div class=\"brz-row__container brz-css-dxbgu\" data-custom-id=\"wgjfaggdfrkcamircypzgxmgczysokucmnzt\">\n<div class=\"brz-bg overflow-hidden absolute top-0 left-0 w-full h-full\"><\/div>\n<div class=\"brz-row brz-row--inner brz-css-bygdd brz-css-tujkv\">\n<div class=\"brz-columns brz-css-pzxcl brz-css-gqnpp\" data-custom-id=\"zxztzuytkkspzpyqfhdwdqksjfjkzlvaumdb\">\n<div class=\"brz-bg overflow-hidden absolute top-0 left-0 w-full h-full\"><\/div>\n<div class=\"brz-column__items brz-css-syuhb brz-css-vshbv\">\n<div class=\"brz-css-xwqyx brz-css-jurzi brz-wrapper\">\n<div class=\"brz-image brz-image__lightbox brz-css-extby brz-css-tqemu\"><a class=\"brz-a\" href=\"https:\/\/archischool.de\/wp-content\/uploads\/2021\/02\/464987B7-276A-46FD-9384-68F92C152E85-2-2000px.jpg\" data-brz-link-type=\"lightBox\" id data-custom-id=\"wfnwmciclzdzffqjlpmqmkavdlczogcppbap\"><img decoding=\"async\" class=\"brz-img\" src=\"https:\/\/archischool.de\/wp-content\/uploads\/brizy\/imgs\/464987B7-276A-46FD-9384-68F92C152E85-2-2000px-399x344x18x65x363x269x1628666529.jpg\" alt=\"\" loading=\"lazy\" \/><\/a><\/div>\n<\/div>\n<\/div>\n<\/div>\n<div class=\"brz-columns brz-css-pzxcl brz-css-rcogs\" data-custom-id=\"qcjdchrkjlztkmruzorsqepjzuluctybtopw\">\n<div class=\"brz-column__items brz-css-syuhb brz-css-zyosn\">\n<div class=\"brz-css-xwqyx brz-css-ezzyx brz-wrapper\">\n<div class=\"brz-image brz-image__lightbox brz-css-cpnsb brz-css-ekhmi\"><a class=\"brz-a\" href=\"https:\/\/archischool.de\/wp-content\/uploads\/2021\/02\/IMG_0986-2-2000px.jpg\" data-brz-link-type=\"lightBox\" id data-custom-id=\"hyhoipquqlkcupwohszdftfapxfvtweeckqe\"><img decoding=\"async\" class=\"brz-img\" src=\"https:\/\/archischool.de\/wp-content\/uploads\/brizy\/imgs\/IMG_0986-2-2000px-363x361x0x94x363x267x1628666529.jpg\" alt=\"\" loading=\"lazy\" \/><\/a><\/div>\n<\/div>\n<\/div>\n<\/div>\n<div class=\"brz-columns brz-css-pzxcl brz-css-woyla\" data-custom-id=\"bmpbrungowbucayvaioauwmsyvqnipqpqkki\">\n<div class=\"brz-bg overflow-hidden absolute top-0 left-0 w-full h-full\"><\/div>\n<div class=\"brz-column__items brz-css-syuhb brz-css-eaend\">\n<div class=\"brz-css-xwqyx brz-css-pptpw brz-wrapper\">\n<div class=\"brz-image brz-image__lightbox brz-css-hjsum brz-css-fsnea\"><a class=\"brz-a\" href=\"https:\/\/archischool.de\/wp-content\/uploads\/2021\/02\/IMG_0989-2-2000px.jpg\" data-brz-link-type=\"lightBox\" id data-custom-id=\"lqajpuvjaqttggjrhdehzlzkezfnsrysudfl\"><img decoding=\"async\" class=\"brz-img\" src=\"https:\/\/archischool.de\/wp-content\/uploads\/brizy\/imgs\/IMG_0989-2-2000px-364x367x0x50x364x268x1628666529.jpg\" alt=\"\" loading=\"lazy\" \/><\/a><\/div>\n<\/div>\n<\/div>\n<\/div>\n<\/div>\n<\/div>\n<\/div>\n<\/div>\n<\/div>\n<\/div>\n<\/div>\n<\/div>\n<\/section>\n<section data-uid=\"klfsuebteihedaowutolvnmoopzaqsizdork\" id=\"klfsuebteihedaowutolvnmoopzaqsizdork\" class=\"brz-section brz-css-sufxu\">\n<div class=\"brz-section__content brz-section--boxed brz-css-ztdmg brz-css-jgjby\" data-custom-id=\"mypbgjkjzwppdunmkeextpsqlrtezqdzvzjz\">\n<div class=\"brz-bg overflow-hidden absolute top-0 left-0 w-full h-full\">\n<div class=\"brz-bg-color absolute top-0 left-0 w-full h-full\"><\/div>\n<\/div>\n<div class=\"brz-container brz-css-wytnj brz-css-kuikg\">\n<div class=\"brz-css-xwqyx brz-css-scsqh brz-wrapper\">\n<div class=\"brz-rich-text brz-rich-text__custom brz-css-avkqn\" data-custom-id=\"tcryeilrdygjryzzlatitaxkoydjboquixub\">\n<div>\n<p class=\"brz-css-zzfoa\"><span class=\"brz-cp-color7\">\u0425\u0410\u041c\u0422\u042b\u041d \u0410\u0416\u0418\u041b\u041b\u0410\u0413\u0410\u0410\u041d\u042b \u0422\u04ae\u041d\u0428\u04ae\u04ae\u0414 \u0411\u041e\u041b\u041e\u041d \u0414\u042d\u041c\u0416\u0418\u0413\u0427\u0414\u042d\u0414 \u0422\u0410\u041b\u0410\u0420\u0425\u0410\u041b \u0418\u041b\u042d\u0420\u0425\u0418\u0419\u041b\u042d\u0425 \u041d\u042c: <\/span><\/p>\n<\/div>\n<\/div>\n<\/div>\n<\/div>\n<\/div>\n<\/section>\n<section data-uid=\"tokqgvboqyjdfgkrauiwkijizgayfqjmqfro\" id=\"tokqgvboqyjdfgkrauiwkijizgayfqjmqfro\" class=\"brz-section brz-css-sufxu brz-css-tpywk\">\n<div class=\"brz-section__content brz-section--boxed brz-css-ztdmg brz-css-xteuf\" data-custom-id=\"jkxgbxosttfkvffclswsifkdsfvzdwuoqbxi\">\n<div class=\"brz-container brz-css-wytnj brz-css-wthjd\">\n<div class=\"brz-row__container brz-css-dxbgu\" data-custom-id=\"glscpyftsocwjqtnvqmbmcxnvhtbwlpbodnz\">\n<div class=\"brz-bg overflow-hidden absolute top-0 left-0 w-full h-full\"><\/div>\n<div class=\"brz-row brz-css-bygdd\">\n<div class=\"brz-columns brz-css-pzxcl brz-css-kgyoq\" data-custom-id=\"srgngejoyawmwcjauehsnphxxtxoorxndhek\">\n<div class=\"brz-bg overflow-hidden absolute top-0 left-0 w-full h-full\"><\/div>\n<div class=\"brz-column__items brz-css-syuhb brz-css-jmyza\">\n<div class=\"brz-css-xwqyx brz-css-jmkgj brz-wrapper\">\n<div class=\"brz-image brz-css-usabc\"><a class=\"brz-a\" href=\"https:\/\/www.jugendkunstschule-charlottenburg-wilmersdorf.de\/freundeskreis-der-jugendkunstschule\/\" target=\"_blank\" rel=\"noopener\" data-brz-link-type=\"external\" id data-custom-id=\"iunbghiyppughsaswuqsymebyacyxkiporoh\"><img decoding=\"async\" class=\"brz-img\" src=\"https:\/\/archischool.de\/wp-content\/uploads\/brizy\/imgs\/FreundeskreisLogo600px-235x48x0x0x235x48x1628666529.jpg\" alt=\"\" loading=\"lazy\" \/><\/a><\/div>\n<\/div>\n<\/div>\n<\/div>\n<div class=\"brz-columns brz-css-pzxcl brz-css-blzsi\" data-custom-id=\"mfemellwzphlrlaqngdryaoigwvrlgngbwbs\">\n<div class=\"brz-bg overflow-hidden absolute top-0 left-0 w-full h-full\"><\/div>\n<div class=\"brz-column__items brz-css-syuhb brz-css-ukvlf\">\n<div class=\"brz-css-xwqyx brz-css-oqjje brz-wrapper\">\n<div class=\"brz-image brz-css-knjdl\"><a class=\"brz-a\" href=\"https:\/\/www.jugendkunstschule-charlottenburg-wilmersdorf.de\/\" target=\"_blank\" rel=\"noopener\" data-brz-link-type=\"external\" id data-custom-id=\"qxxnkyklavtbojraglmygsytittdopipxhuj\"><img decoding=\"async\" class=\"brz-img\" src=\"https:\/\/archischool.de\/wp-content\/uploads\/brizy\/imgs\/wp-f7d41413a59e005d175177eb16041b54-147x80x0x0x147x80x1628666529.jpg\" alt=\"\" loading=\"lazy\" \/><\/a><\/div>\n<\/div>\n<\/div>\n<\/div>\n<div class=\"brz-columns brz-css-pzxcl brz-css-dsqzl\" data-custom-id=\"gxioqntvcidkygxzpwwahlcnxdedtmsmmkig\">\n<div class=\"brz-bg overflow-hidden absolute top-0 left-0 w-full h-full\"><\/div>\n<div class=\"brz-column__items brz-css-syuhb brz-css-rqavl\">\n<div class=\"brz-css-xwqyx brz-css-oklsb brz-wrapper\">\n<div class=\"brz-image brz-css-uwjfn\"><a class=\"brz-a\" href=\"https:\/\/www.bmfsfj.de\/\" target=\"_blank\" rel=\"noopener\" data-brz-link-type=\"external\" id data-custom-id=\"zthrpmcczkzjlzqbufmuozgvqnxyrxcniguj\"><img decoding=\"async\" class=\"brz-img\" src=\"https:\/\/archischool.de\/wp-content\/uploads\/brizy\/imgs\/02-BMF-263x132x9x4x245x123x1628666529.png\" alt=\"\" loading=\"lazy\" \/><\/a><\/div>\n<\/div>\n<\/div>\n<\/div>\n<\/div>\n<\/div>\n<div class=\"brz-row__container brz-css-dxbgu\" data-custom-id=\"wwzgrmatomorojjnniqmvsauczonhbgtwsbw\">\n<div class=\"brz-bg overflow-hidden absolute top-0 left-0 w-full h-full\"><\/div>\n<div class=\"brz-row brz-css-bygdd\">\n<div class=\"brz-columns brz-css-pzxcl brz-css-mzakv\" data-custom-id=\"hzmnmgzfzsfvfrsolubjjcmnlnrogtotmhjl\">\n<div class=\"brz-bg overflow-hidden absolute top-0 left-0 w-full h-full\"><\/div>\n<div class=\"brz-column__items brz-css-syuhb brz-css-ithna\">\n<div class=\"brz-css-xwqyx brz-css-uhjiv brz-wrapper\">\n<div class=\"brz-image brz-css-vnwzu\"><a class=\"brz-a\" href=\"https:\/\/www.bkj.de\/\" target=\"_blank\" rel=\"noopener\" data-brz-link-type=\"external\" id data-custom-id=\"gzmthsexzsscrjajozfkdtsaswbppwlxmmde\"><img decoding=\"async\" class=\"brz-img\" src=\"https:\/\/archischool.de\/wp-content\/uploads\/brizy\/imgs\/01-BKJ_Logo-141x37x0x0x141x37x1628666529.png\" alt=\"\" loading=\"lazy\" \/><\/a><\/div>\n<\/div>\n<\/div>\n<\/div>\n<div class=\"brz-columns brz-css-pzxcl brz-css-lqvml\" data-custom-id=\"eopmctvxflcgydbyvkdogpvjskjchxvfxvqm\">\n<div class=\"brz-bg overflow-hidden absolute top-0 left-0 w-full h-full\"><\/div>\n<div class=\"brz-column__items brz-css-syuhb brz-css-mpyer\">\n<div class=\"brz-css-xwqyx brz-css-rgreg brz-wrapper\">\n<div class=\"brz-image brz-css-ujakt\"><a class=\"brz-a\" href=\"http:\/\/mfa.gov.mn\/\" target=\"_blank\" rel=\"noopener\" data-brz-link-type=\"external\" id data-custom-id=\"rgfdgkjnzkcbaeogowhypvuqmqftkoafglps\"><img decoding=\"async\" class=\"brz-img\" src=\"https:\/\/archischool.de\/wp-content\/uploads\/brizy\/imgs\/wp-feba9a8cd0ec6422b812c07313bacd8a-119x88x0x0x119x88x1628666529.jpg\" alt=\"\" loading=\"lazy\" \/><\/a><\/div>\n<\/div>\n<\/div>\n<\/div>\n<div class=\"brz-columns brz-css-pzxcl brz-css-ctrpf\" data-custom-id=\"ixyocqqqkxhxfffqigiqfgcpkilyvimbfqde\">\n<div class=\"brz-bg overflow-hidden absolute top-0 left-0 w-full h-full\"><\/div>\n<div class=\"brz-column__items brz-css-syuhb brz-css-nklyh\">\n<div class=\"brz-css-xwqyx brz-css-yvjuf brz-wrapper\">\n<div class=\"brz-image brz-css-ivnxb\"><a class=\"brz-a\" href=\"https:\/\/www.artsandmediaconsulting.org\/\" target=\"_blank\" rel=\"noopener\" data-brz-link-type=\"external\" id data-custom-id=\"kbfprhmfaorahwnyknopwinkbbmmxcssxxid\"><img decoding=\"async\" class=\"brz-img\" src=\"https:\/\/archischool.de\/wp-content\/uploads\/brizy\/imgs\/wp-65bae3405ab87b1068eda0750d407d15-165x48x0x0x165x48x1628666529.jpg\" alt=\"\" loading=\"lazy\" \/><\/a><\/div>\n<\/div>\n<\/div>\n<\/div>\n<div class=\"brz-columns brz-css-pzxcl brz-css-kvbdp\" data-custom-id=\"rfatzfreablcozjgprnqqrrvofnsudxqbjzq\">\n<div class=\"brz-bg overflow-hidden absolute top-0 left-0 w-full h-full\"><\/div>\n<div class=\"brz-column__items brz-css-syuhb brz-css-ewluf\">\n<div class=\"brz-css-xwqyx brz-css-grpls brz-wrapper\">\n<div class=\"brz-image brz-css-zekbw\"><img decoding=\"async\" class=\"brz-img brz-img-svg\" src=\"https:\/\/archischool.de\/wp-content\/uploads\/2021\/10\/ak-logo-architektenkammer-berlin-kompakt.svg\" alt=\"\" loading=\"lazy\" \/><\/div>\n<\/div>\n<\/div>\n<\/div>\n<\/div>\n<\/div>\n<\/div>\n<\/div>\n<\/section>\n<\/div>\n<p><!-- version:1673862529 --><\/p>","protected":false},"excerpt":{"rendered":"<p>archiSCHOOL Planung eines nachhaltigen Schulgeb\u00e4udes in der Mongolei ist ein ganzheitliches Kunstprojekt von Sch\u00fcler*innen des Leistungskurses Kunst der Nelson-Mandela-Schule, Sch\u00fcler*innen der mongolischen Tolit-Schule in Ulaanbaatar und Berliner Architekten (Architektenkammer Berlin) Basierend auf einem Besuch in der Mongolei im Herbst 2019 und p\u00e4dagogischen Besuchen von Kunstabteilungen an Schulen in Ulan Bator, entstand die Idee zu einem [&hellip;]<\/p>","protected":false},"author":1,"featured_media":0,"parent":0,"menu_order":0,"comment_status":"closed","ping_status":"closed","template":"brizy-blank-template.php","meta":{"footnotes":""},"class_list":["post-432","page","type-page","status-publish","hentry"],"_links":{"self":[{"href":"https:\/\/archischool.de\/mn\/wp-json\/wp\/v2\/pages\/432","targetHints":{"allow":["GET"]}}],"collection":[{"href":"https:\/\/archischool.de\/mn\/wp-json\/wp\/v2\/pages"}],"about":[{"href":"https:\/\/archischool.de\/mn\/wp-json\/wp\/v2\/types\/page"}],"author":[{"embeddable":true,"href":"https:\/\/archischool.de\/mn\/wp-json\/wp\/v2\/users\/1"}],"replies":[{"embeddable":true,"href":"https:\/\/archischool.de\/mn\/wp-json\/wp\/v2\/comments?post=432"}],"version-history":[{"count":20,"href":"https:\/\/archischool.de\/mn\/wp-json\/wp\/v2\/pages\/432\/revisions"}],"predecessor-version":[{"id":2505,"href":"https:\/\/archischool.de\/mn\/wp-json\/wp\/v2\/pages\/432\/revisions\/2505"}],"wp:attachment":[{"href":"https:\/\/archischool.de\/mn\/wp-json\/wp\/v2\/media?parent=432"}],"curies":[{"name":"wp","href":"https:\/\/api.w.org\/{rel}","templated":true}]}}